{"id":90,"date":"2016-04-27T01:23:47","date_gmt":"2016-04-26T23:23:47","guid":{"rendered":"http:\/\/inclusionlab.unican.es\/?page_id=90"},"modified":"2022-07-20T19:43:03","modified_gmt":"2022-07-20T17:43:03","slug":"equipo","status":"publish","type":"page","link":"https:\/\/inclusionlab.unican.es\/en\/equipo\/","title":{"rendered":"PID2019 Team"},"content":{"rendered":"\n\n<div class=\"equipo\"><img decoding=\"async\" class=\"equipo\" src=\"https:\/\/inclusionlab.unican.es\/wp-content\/uploads\/2021\/11\/TSusinos.jpeg\"><p><\/p>\n<div class=\"equipotexto\" style=\"color: #ff7f2a;\"><strong>Teresa Susinos Rada (IP)<br><\/strong><em><a href=\"mailto:teresa.susinos@unican.es\">teresa.susinos@unican.es<\/a><\/em><br><span style=\"font-size: 70%;\"><a href=\"https:\/\/dialnet.unirioja.es\/servlet\/autor?codigo=114998\" target=\"_blank\" rel=\"noopener noreferrer\">Dialnet<\/a> \u00b7 <a href=\"https:\/\/www.scopus.com\/authid\/detail.uri?authorId=16231619500\">Scopus<\/a> \u00b7 <a href=\"https:\/\/orcid.org\/0000-0001-6385-2196\">ORCID<\/a> \u00b7 <a href=\"https:\/\/inclusionlab.unican.es\">Equipo inPar-Es<\/a><\/span><\/div>\n<\/div>\n<div class=\"equipo\"><img decoding=\"async\" class=\"equipo\" src=\"https:\/\/inclusionlab.unican.es\/wp-content\/uploads\/2017\/03\/SusanaR350.png\"><p><\/p>\n<div class=\"equipotexto\" style=\"color: #ff7f2a;\"><strong>Susana Rojas Pernia (IP)<br><\/strong><em><a id=\"ctl00_ctl48_g_c62747f7_da11_4e23_b219_4c432dfb23c2_rptpersonas_ctl01_hlemail\" title=\"susana.rojas@unican.es\" href=\"mailto:susana.rojas@unican.es\"><span id=\"ctl00_ctl48_g_c62747f7_da11_4e23_b219_4c432dfb23c2_rptpersonas_ctl01_lblMail\">susana.rojas@unican.es<\/span><\/a><\/em><br><span style=\"font-size: 70%;\"><a href=\"https:\/\/dialnet.unirioja.es\/servlet\/autor?codigo=608347\" target=\"_blank\" rel=\"noopener noreferrer\">Dialnet<\/a> \u00b7 <a href=\"https:\/\/www.scopus.com\/authid\/detail.uri?authorId=25824479400\">Scopus<\/a> \u00b7 <a href=\"https:\/\/orcid.org\/0000-0002-4617-241X\">ORCID<\/a> \u00b7 <a href=\"https:\/\/inclusionlab.unican.es\">Equipo inPar-Es<\/a><\/span><\/div>\n<\/div>\n<div class=\"equipo\"><img decoding=\"async\" class=\"equipo\" src=\"https:\/\/inclusionlab.unican.es\/wp-content\/uploads\/2017\/03\/ignacioH350.png\"><p><\/p>\n<div class=\"equipotexto\" style=\"color: #ff7f2a;\"><strong>Ignacio Haya Salm\u00f3n<br><\/strong><em><a id=\"ctl00_ctl48_g_c62747f7_da11_4e23_b219_4c432dfb23c2_rptpersonas_ctl01_hlemail\" title=\"ignacio.haya@unican.es\" href=\"mailto:ignacio.haya@unican.es\"><span id=\"ctl00_ctl48_g_c62747f7_da11_4e23_b219_4c432dfb23c2_rptpersonas_ctl01_lblMail\">ignacio.haya@unican.es<\/span><\/a><\/em><br><span style=\"font-size: 70%;\"><a href=\"https:\/\/dialnet.unirioja.es\/servlet\/autor?codigo=1213675\" target=\"_blank\" rel=\"noopener noreferrer\">Dialnet<\/a> \u00b7 <a href=\"https:\/\/www.scopus.com\/authid\/detail.uri?authorId=56001423500\">Scopus<\/a> \u00b7 <a href=\"https:\/\/orcid.org\/0000-0003-1391-3311\">ORCID<\/a> \u00b7 <a href=\"https:\/\/inclusionlab.unican.es\">Equipo inPar-Es<\/a><\/span><\/div>\n<\/div>\n<div class=\"equipo\"><img decoding=\"async\" class=\"equipo\" src=\"https:\/\/inclusionlab.unican.es\/wp-content\/uploads\/2017\/05\/Noelia350.png\"><p><\/p>\n<div class=\"equipotexto\" style=\"color: #ff7f2a;\"><strong>Noelia Ceballos L\u00f3pez<br><\/strong><em><a id=\"ctl00_ctl48_g_c62747f7_da11_4e23_b219_4c432dfb23c2_rptpersonas_ctl01_hlemail\" title=\"noelia.ceballos@unican.es\" href=\"mailto:noelia.ceballos@unican.es\"><span id=\"ctl00_ctl48_g_c62747f7_da11_4e23_b219_4c432dfb23c2_rptpersonas_ctl01_lblMail\">noelia.ceballos@unican.es<\/span><\/a><\/em><br><span style=\"font-size: 70%;\"><a href=\"https:\/\/dialnet.unirioja.es\/servlet\/autor?codigo=3106015\" target=\"_blank\" rel=\"noopener noreferrer\">Dialnet<\/a> \u00b7 <a href=\"https:\/\/www.scopus.com\/authid\/detail.uri?authorId=56423286800\">Scopus<\/a> \u00b7 <a href=\"https:\/\/orcid.org\/0000-0001-6962-8566\">ORCID<\/a> \u00b7 <a href=\"https:\/\/inclusionlab.unican.es\">Equipo inPar-Es<\/a><\/span><\/div>\n<\/div>\n<div class=\"equipo\"><img decoding=\"async\" class=\"equipo\" src=\"https:\/\/inclusionlab.unican.es\/wp-content\/uploads\/2016\/04\/Angela-300x300.png\" alt=\"Angela\"><p><\/p>\n<div class=\"equipotexto\" style=\"color: #ff7f2a;\"><strong>\u00c1ngela S\u00e1iz Linares<br><\/strong><i><a href=\"mailto:angela.saizl@unican.es\">angela.saizl@unican.es<\/a><\/i><br><span style=\"font-size: 70%;\"><a href=\"https:\/\/dialnet.unirioja.es\/servlet\/autor?codigo=3542682\" target=\"_blank\" rel=\"noopener noreferrer\">Dialnet<\/a> \u00b7 <a href=\"https:\/\/www.scopus.com\/authid\/detail.uri?authorId=57191542819\">Scopus<\/a> \u00b7 <a href=\"https:\/\/orcid.org\/0000-0001-9226-9346\">ORCID<\/a> \u00b7 <a href=\"https:\/\/inclusionlab.unican.es\">Equipo inPar-Es<\/a><\/span><\/div>\n<\/div>\n<div class=\"equipo\"><img decoding=\"async\" class=\"equipo\" src=\"https:\/\/inclusionlab.unican.es\/wp-content\/uploads\/2017\/03\/JuliaRL.png\"><p><\/p>\n<div class=\"equipotexto\" style=\"color: #ff7f2a;\"><strong>Julia Ruiz-L\u00f3pez<br><\/strong><em><a id=\"ctl00_ctl48_g_c62747f7_da11_4e23_b219_4c432dfb23c2_rptpersonas_ctl01_hlemail\" title=\"julia.ruizlopez@unican.es\" href=\"mailto:julia.ruizlopez@unican.es\"><span id=\"ctl00_ctl48_g_c62747f7_da11_4e23_b219_4c432dfb23c2_rptpersonas_ctl01_lblMail\">julia.ruizlopez@unican.es<\/span><\/a><\/em><br><span style=\"font-size: 70%; width: 100%;\"><a href=\"https:\/\/scholar.google.es\/citations?user=9AxulsMAAAAJ&amp;hl=es\">Google Scholar<\/a> \u00b7 <a href=\"https:\/\/www.scopus.com\/authid\/detail.uri?authorId=57214729170\" target=\"_blank\" rel=\"noopener noreferrer\">Scopus<\/a>&nbsp;\u00b7 <a href=\"https:\/\/repositorio.unican.es\/xmlui\/browse?value=Ruiz%20L%C3%B3pez,%20Julia&amp;type=author\" target=\"_blank\" rel=\"noopener noreferrer\">UCrea<\/a> \u00b7 <a href=\"https:\/\/inclusionlab.unican.es\">Equipo inPar-Es<\/a><\/span><\/div>\n<\/div>\n<div style=\"clear: both;\">&nbsp;<\/div>\n\n\n\n<div class=\"equipo\"><img decoding=\"async\" class=\"equipo\" src=\"https:\/\/inclusionlab.unican.es\/wp-content\/uploads\/2021\/11\/nekane-1.jpeg\"><p><\/p>\n<div class=\"equipotexto\" style=\"color: #2ad4ff;\"><strong>Nekane Beloki Arizti<br><\/strong><em><a title=\"nekane.beloki@ehu.eus\" href=\"mailto:nekane.beloki@ehu.eus\"><span id=\"ctl00_ctl48_g_c62747f7_da11_4e23_b219_4c432dfb23c2_rptpersonas_ctl01_lblMail\">nekane.beloki@ehu.eus<\/span><\/a><\/em><br><span style=\"font-size: 70%;\"><a href=\"https:\/\/dialnet.unirioja.es\/servlet\/autor?codigo=1898202\" target=\"_blank\" rel=\"noopener noreferrer\">Dialnet<\/a> \u00b7 <a href=\"http:\/\/orcid.org\/0000-0002-2728-845X\">ORCID<\/a> \u00b7 <a href=\"https:\/\/kideon.eus\/es\/\">Equipo KideON<\/a><\/span><\/div>\n<\/div>\n<div class=\"equipo\"><img decoding=\"async\" class=\"equipo\" src=\"https:\/\/inclusionlab.unican.es\/wp-content\/uploads\/2021\/10\/MartaB.jpg\"><p><\/p>\n<div class=\"equipotexto\" style=\"color: #2ad4ff;\"><strong>Marta Barandiaran Landin<br><\/strong><em><a href=\"mailto:m.barandiaran@ehu.eus\">m.barandiaran@ehu.eus<\/a><\/em><br><span style=\"font-size: 70%;\"><a href=\"https:\/\/dialnet.unirioja.es\/servlet\/autor?codigo=180080\" target=\"_blank\" rel=\"noopener noreferrer\">Dialnet<\/a> \u00b7 <a href=\"https:\/\/orcid.org\/0000-0002-5507-2920\">ORCID<\/a><\/span><\/div>\n<\/div>\n<div class=\"equipo\"><img decoding=\"async\" class=\"equipo\" src=\"https:\/\/inclusionlab.unican.es\/wp-content\/uploads\/2021\/11\/monike.jpg\"><p><\/p>\n<div class=\"equipotexto\" style=\"color: #2ad4ff;\"><strong>Monike Gezuraga<br><\/strong><em><a id=\"ctl00_ctl48_g_c62747f7_da11_4e23_b219_4c432dfb23c2_rptpersonas_ctl01_hlemail\" title=\"leire.darretxe@ehu.eus\" href=\"mailto:monike.gezuraga@ehu.eus\"><span id=\"ctl00_ctl48_g_c62747f7_da11_4e23_b219_4c432dfb23c2_rptpersonas_ctl01_lblMail\"> monike.gezuraga@ehu.eus<\/span><\/a><\/em><br><span style=\"font-size: 70%;\"><a href=\"https:\/\/dialnet.unirioja.es\/servlet\/autor?codigo=3181189\" target=\"_blank\" rel=\"noopener noreferrer\">Dialnet<\/a> \u00b7 <a href=\"https:\/\/orcid.org\/0000-0003-0756-1858\">ORCID<\/a> \u00b7 <a href=\"https:\/\/kideon.eus\/es\/\">Equipo KideON<\/a><\/span><\/div>\n<\/div>\n<div class=\"equipo\"><img decoding=\"async\" class=\"equipo\" src=\"https:\/\/inclusionlab.unican.es\/wp-content\/uploads\/2021\/11\/leire.jpeg\"><p><\/p>\n<div class=\"equipotexto\" style=\"color: #2ad4ff;\"><strong>Leire Darretxe<br><\/strong><em><a id=\"ctl00_ctl48_g_c62747f7_da11_4e23_b219_4c432dfb23c2_rptpersonas_ctl01_hlemail\" title=\"leire.darretxe@ehu.eus\" href=\"mailto:leire.darretxe@ehu.eus\"><span id=\"ctl00_ctl48_g_c62747f7_da11_4e23_b219_4c432dfb23c2_rptpersonas_ctl01_lblMail\">leire.darretxe@ehu.eus<\/span><\/a><\/em><br><span style=\"font-size: 70%;\"><a href=\"https:\/\/dialnet.unirioja.es\/servlet\/autor?codigo=2937280\" target=\"_blank\" rel=\"noopener noreferrer\">Dialnet<\/a> \u00b7 <a href=\"https:\/\/orcid.org\/0000-0001-7468-7915\">ORCID<\/a> \u00b7 <a href=\"https:\/\/kideon.eus\/es\/\">Equipo KideON<\/a><\/span><\/div>\n<\/div>\n<div class=\"equipo\" style=\"overflow: auto; width: 100%;\">\n<div class=\"equipotexto\" style=\"font-size: 80%; color: #333333;\"><b>R+D+i project: <\/b><br>\u00bfQu\u00e9 estamos olvidando en la educaci\u00f3n inclusiva?: Una investigaci\u00f3n participativa en Cantabria y el Pa\u00eds Vasco\/ <br>What is inclusive education missing? A participatory research project in Cantabria and Pa\u00eds Vasco. <br>(PID2019-108775RB-C42). IP. Teresa Susinos y Susana Rojas.<br>(Ministerio de Ciencia e Innovaci\u00f3n; Ver m\u00e1s en: <a href=\"https:\/\/inclusionlab.unican.es\">https:\/\/inclusionlab.unican.es<\/a>).<\/div>\n<\/div>\n<div class=\"equipo\" style=\"overflow: auto; width: 100%;\">\n<div class=\"equipotexto\"><a href=\"https:\/\/inclusionlab.unican.es\/en\/politica-de-privacidad\/\">PRIVACY POLICY<\/a><\/div>\n<\/div>\n<div style=\"overflow: auto; width: 100%; margin-right: auto; margin-left: auto;\"><object data=\"https:\/\/personales.unican.es\/ruizlj\/creditosilab.svg\" type=\"image\/svg+xml\" width=\"300\" height=\"150\"><span data-mce-type=\"bookmark\" style=\"width: 0px; overflow: hidden; line-height: 0;\" class=\"mce_SELRES_start\">\ufeff<\/span><!--fallback--><\/object><\/div>","protected":false},"excerpt":{"rendered":"<p>Teresa Susinos Rada (IP)teresa.susinos@unican.esDialnet \u00b7 Scopus \u00b7 ORCID \u00b7 Equipo inPar-Es Susana Rojas Pernia (IP)susana.rojas@unican.esDialnet \u00b7 Scopus \u00b7 ORCID \u00b7 Equipo inPar-Es Ignacio Haya Salm\u00f3nignacio.haya@unican.esDialnet \u00b7 Scopus \u00b7 ORCID \u00b7 Equipo inPar-Es Noelia Ceballos L\u00f3peznoelia.ceballos@unican.esDialnet \u00b7 Scopus \u00b7 ORCID \u00b7 Equipo inPar-Es \u00c1ngela S\u00e1iz Linaresangela.saizl@unican.esDialnet \u00b7 Scopus \u00b7 ORCID \u00b7 Equipo inPar-Es Julia Ruiz-L\u00f3pezjulia.ruizlopez@unican.esGoogle Scholar [&hellip;]<\/p>\n","protected":false},"author":8,"featured_media":0,"parent":0,"menu_order":0,"comment_status":"closed","ping_status":"closed","template":"","meta":{"_exactmetrics_skip_tracking":false,"_exactmetrics_sitenote_active":false,"_exactmetrics_sitenote_note":"","_exactmetrics_sitenote_category":0,"footnotes":""},"class_list":["post-90","page","type-page","status-publish","hentry","aesop-entry-content"],"translation":{"provider":"WPGlobus","version":"3.0.2","language":"en","enabled_languages":["es","en"],"languages":{"es":{"title":true,"content":true,"excerpt":false},"en":{"title":true,"content":true,"excerpt":false}}},"_links":{"self":[{"href":"https:\/\/inclusionlab.unican.es\/en\/wp-json\/wp\/v2\/pages\/90","targetHints":{"allow":["GET"]}}],"collection":[{"href":"https:\/\/inclusionlab.unican.es\/en\/wp-json\/wp\/v2\/pages"}],"about":[{"href":"https:\/\/inclusionlab.unican.es\/en\/wp-json\/wp\/v2\/types\/page"}],"author":[{"embeddable":true,"href":"https:\/\/inclusionlab.unican.es\/en\/wp-json\/wp\/v2\/users\/8"}],"replies":[{"embeddable":true,"href":"https:\/\/inclusionlab.unican.es\/en\/wp-json\/wp\/v2\/comments?post=90"}],"version-history":[{"count":165,"href":"https:\/\/inclusionlab.unican.es\/en\/wp-json\/wp\/v2\/pages\/90\/revisions"}],"predecessor-version":[{"id":4778,"href":"https:\/\/inclusionlab.unican.es\/en\/wp-json\/wp\/v2\/pages\/90\/revisions\/4778"}],"wp:attachment":[{"href":"https:\/\/inclusionlab.unican.es\/en\/wp-json\/wp\/v2\/media?parent=90"}],"curies":[{"name":"wp","href":"https:\/\/api.w.org\/{rel}","templated":true}]}}