{"id":2086,"date":"2018-12-12T13:36:40","date_gmt":"2018-12-12T12:36:40","guid":{"rendered":"https:\/\/inclusionlab.unican.es\/?page_id=2086"},"modified":"2018-12-13T11:34:26","modified_gmt":"2018-12-13T10:34:26","slug":"participa-privada","status":"publish","type":"page","link":"https:\/\/inclusionlab.unican.es\/en\/participa-privada\/","title":{"rendered":"\u00a1Participa! (privada)"},"content":{"rendered":"\n<div class=\"wp-block-image\"><figure class=\"aligncenter is-resized\"><a href=\"https:\/\/inclusionlab.unican.es\/como-participar-en-inclusionlab\/\"><img loading=\"lazy\" decoding=\"async\" src=\"https:\/\/inclusionlab.unican.es\/wp-content\/uploads\/panelRegarDelicadamente-1024x453.png\" alt=\"\" class=\"wp-image-1562\" width=\"512\" height=\"227\" srcset=\"https:\/\/inclusionlab.unican.es\/wp-content\/uploads\/panelRegarDelicadamente.png 1024w, https:\/\/inclusionlab.unican.es\/wp-content\/uploads\/panelRegarDelicadamente-300x133.png 300w, https:\/\/inclusionlab.unican.es\/wp-content\/uploads\/panelRegarDelicadamente-768x340.png 768w, https:\/\/inclusionlab.unican.es\/wp-content\/uploads\/panelRegarDelicadamente-400x177.png 400w\" sizes=\"auto, (max-width: 512px) 100vw, 512px\" \/><\/a><\/figure><\/div>\n\n\n\n<p>Puedes participar de forma&nbsp;<strong>privada o interna.&nbsp;<\/strong><\/p>\n\n\n\n<p>Si tienes algo que decir a cualquier persona o grupo de personas que hayan participado o participen en&nbsp;<em>inclusionLab<\/em>&nbsp;estamos seguras de que podemos encontrar la forma m\u00e1s adecuada de hacerlo, preg\u00fantanos cuando coincidamos en persona o por correo-e.&nbsp;<\/p>\n\n\n\n<p>Puedes escribirnos directamente a&nbsp;<em>inclusionlab@unican.es&nbsp;<\/em>especificando claramente quienes son las personas que quieres que vean tu mensaje, una persona, varias, los participantes de un equipo, &#8230; etc.<\/p>\n\n\n\n<p>Recuerda que tambi\u00e9n puedes enviarnos a este correo: im\u00e1genes, poemas, dibujos, esquemas, un fragmento sonoro, una conversaci\u00f3n&#8230; \u00bfno sabes c\u00f3mo? preg\u00fantanos \ud83d\ude42<\/p>\n\n\n\n<p>Ten en cuenta que nuestro equipo se encargar\u00e1 de transmitir tu mensaje en la forma y a la persona o personas que nos indiques, por esta raz\u00f3n todos los mensajes son&nbsp;<strong>revisados, le\u00eddos y filtrados&nbsp;<\/strong>si fuera necesario.<\/p>\n\n\n\n<p>Si no te convence mucho hacer tu comentario online, cu\u00e9ntanoslo cuando nos veas en los diferentes espacios de encuentro y trabajo del equipo.<\/p>\n\n\n\n<div class=\"wp-block-image\"><figure class=\"aligncenter\"><img loading=\"lazy\" decoding=\"async\" width=\"150\" height=\"150\" src=\"https:\/\/inclusionlab.unican.es\/wp-content\/uploads\/Telegram-icon-150x150.png\" alt=\"\" class=\"wp-image-1537\" srcset=\"https:\/\/inclusionlab.unican.es\/wp-content\/uploads\/Telegram-icon-150x150.png 150w, https:\/\/inclusionlab.unican.es\/wp-content\/uploads\/Telegram-icon-200x200.png 200w, https:\/\/inclusionlab.unican.es\/wp-content\/uploads\/Telegram-icon.png 256w\" sizes=\"auto, (max-width: 150px) 100vw, 150px\" \/><\/figure><\/div>\n\n\n\n<p><br>Tambi\u00e9n estamos en <strong>Telegram<\/strong>, escr\u00edbenos a @inclusionLab<\/p>\n\n\n\n<p><\/p>\n\n\n\n<p>Si lo prefieres enviar por carta, nuestra direcci\u00f3n postal es:<\/p>\n\n\n\n<p>Equipo inPar-ES<br>Departamento de Educaci\u00f3n<br>Universidad de Cantabria<br>Edificio Interfacultativo<br>Avda. Los Castros, s\/n<br>CP 39005, Santander<br>(Cantabria, Spain)<\/p>\n","protected":false},"excerpt":{"rendered":"<p>Puedes participar de forma&nbsp;privada o interna.&nbsp; Si tienes algo que decir a cualquier persona o grupo de personas que hayan participado o participen en&nbsp;inclusionLab&nbsp;estamos seguras de que podemos encontrar la forma m\u00e1s adecuada de hacerlo, preg\u00fantanos cuando coincidamos en persona o por correo-e.&nbsp; Puedes escribirnos directamente a&nbsp;inclusionlab@unican.es&nbsp;especificando claramente quienes son las personas que quieres que [&hellip;]<\/p>\n","protected":false},"author":8,"featured_media":0,"parent":0,"menu_order":0,"comment_status":"closed","ping_status":"closed","template":"","meta":{"_exactmetrics_skip_tracking":false,"_exactmetrics_sitenote_active":false,"_exactmetrics_sitenote_note":"","_exactmetrics_sitenote_category":0,"footnotes":""},"class_list":["post-2086","page","type-page","status-publish","hentry","aesop-entry-content"],"translation":{"provider":"WPGlobus","version":"3.0.2","language":"en","enabled_languages":["es","en"],"languages":{"es":{"title":true,"content":true,"excerpt":false},"en":{"title":false,"content":false,"excerpt":false}}},"_links":{"self":[{"href":"https:\/\/inclusionlab.unican.es\/en\/wp-json\/wp\/v2\/pages\/2086","targetHints":{"allow":["GET"]}}],"collection":[{"href":"https:\/\/inclusionlab.unican.es\/en\/wp-json\/wp\/v2\/pages"}],"about":[{"href":"https:\/\/inclusionlab.unican.es\/en\/wp-json\/wp\/v2\/types\/page"}],"author":[{"embeddable":true,"href":"https:\/\/inclusionlab.unican.es\/en\/wp-json\/wp\/v2\/users\/8"}],"replies":[{"embeddable":true,"href":"https:\/\/inclusionlab.unican.es\/en\/wp-json\/wp\/v2\/comments?post=2086"}],"version-history":[{"count":9,"href":"https:\/\/inclusionlab.unican.es\/en\/wp-json\/wp\/v2\/pages\/2086\/revisions"}],"predecessor-version":[{"id":2134,"href":"https:\/\/inclusionlab.unican.es\/en\/wp-json\/wp\/v2\/pages\/2086\/revisions\/2134"}],"wp:attachment":[{"href":"https:\/\/inclusionlab.unican.es\/en\/wp-json\/wp\/v2\/media?parent=2086"}],"curies":[{"name":"wp","href":"https:\/\/api.w.org\/{rel}","templated":true}]}}