{"id":1597,"date":"2018-10-15T11:36:06","date_gmt":"2018-10-15T09:36:06","guid":{"rendered":"https:\/\/inclusionlab.unican.es\/?page_id=1597"},"modified":"2019-09-30T16:36:30","modified_gmt":"2019-09-30T14:36:30","slug":"identidad-grafica","status":"publish","type":"page","link":"https:\/\/inclusionlab.unican.es\/en\/identidad-grafica\/","title":{"rendered":"Identidad gr\u00e1fica"},"content":{"rendered":"\n\n\n\n\n<p>Marr\u00f3n oscuro: #423a34<br>Verde oscuro: #99cd6e<br>Verde claro: #a2d177<br>Gris: #d2d2d2<\/p>\n\n\n\n\n\n<p>Azul: #2ad4ff<br>Naranja: #ff7f2a<br>Amarillo: #d4ff2a<br>Verde: #37c871<\/p>\n\n\n\n\n\n<p>Salto de p\u00e1rrafo: intro<br>Salto de l\u00ednea: Shift + intro<\/p>\n\n\n\n<p>Color de fondo bloque verde: #80c860<br>Bloque verde minheight: 30px<br>Color fuente gris: #333<br>Color fondo blanco: #fff<\/p>\n\n\n\n<p>Color fondo para transcripci\u00f3n: #faffd5<\/p>\n\n\n\n<p>Cambiar a modo HTML: editor de c\u00f3digo<br>Cambiar a modo en bloques: editor visual<\/p>\n\n\n\n<div class=\"wp-block-image\"><figure class=\"aligncenter is-resized\"><img loading=\"lazy\" decoding=\"async\" src=\"https:\/\/inclusionlab.unican.es\/wp-content\/uploads\/Captura-de-pantalla-2018-10-15-a-las-10.32.59.png\" alt=\"\" class=\"wp-image-1606\" width=\"510\" height=\"734\" srcset=\"https:\/\/inclusionlab.unican.es\/wp-content\/uploads\/Captura-de-pantalla-2018-10-15-a-las-10.32.59.png 680w, https:\/\/inclusionlab.unican.es\/wp-content\/uploads\/Captura-de-pantalla-2018-10-15-a-las-10.32.59-209x300.png 209w, https:\/\/inclusionlab.unican.es\/wp-content\/uploads\/Captura-de-pantalla-2018-10-15-a-las-10.32.59-400x575.png 400w\" sizes=\"auto, (max-width: 510px) 100vw, 510px\" \/><\/figure><\/div>\n\n\n\n\n\n<div class=\"wp-block-image\"><figure class=\"aligncenter is-resized\"><a href=\"https:\/\/inclusionlab.unican.es\/wp-content\/uploads\/2016\/06\/iLab_people1024.png\" target=\"_blank\" rel=\"noreferrer noopener\"><img loading=\"lazy\" decoding=\"async\" src=\"https:\/\/inclusionlab.unican.es\/wp-content\/uploads\/2016\/06\/iLab_people1024-1024x605.png\" alt=\"\" class=\"wp-image-168\" width=\"512\" height=\"303\" srcset=\"https:\/\/inclusionlab.unican.es\/wp-content\/uploads\/2016\/06\/iLab_people1024.png 1024w, https:\/\/inclusionlab.unican.es\/wp-content\/uploads\/2016\/06\/iLab_people1024-300x177.png 300w, https:\/\/inclusionlab.unican.es\/wp-content\/uploads\/2016\/06\/iLab_people1024-768x454.png 768w, https:\/\/inclusionlab.unican.es\/wp-content\/uploads\/2016\/06\/iLab_people1024-400x236.png 400w\" sizes=\"auto, (max-width: 512px) 100vw, 512px\" \/><\/a><figcaption><em>Imagotipo inclusionLab de fondo transparente.<\/em><\/figcaption><\/figure><\/div>\n\n\n\n<div class=\"wp-block-image\"><figure class=\"aligncenter is-resized\"><a href=\"https:\/\/inclusionlab.unican.es\/wp-content\/uploads\/2019\/04\/inclusionLab-fondo-blanco.png\"><img loading=\"lazy\" decoding=\"async\" src=\"https:\/\/inclusionlab.unican.es\/wp-content\/uploads\/2019\/04\/inclusionLab-fondo-blanco-1024x600.png\" alt=\"\" class=\"wp-image-2697\" width=\"512\" height=\"300\" srcset=\"https:\/\/inclusionlab.unican.es\/wp-content\/uploads\/2019\/04\/inclusionLab-fondo-blanco-1024x600.png 1024w, https:\/\/inclusionlab.unican.es\/wp-content\/uploads\/2019\/04\/inclusionLab-fondo-blanco-300x176.png 300w, https:\/\/inclusionlab.unican.es\/wp-content\/uploads\/2019\/04\/inclusionLab-fondo-blanco-768x450.png 768w, https:\/\/inclusionlab.unican.es\/wp-content\/uploads\/2019\/04\/inclusionLab-fondo-blanco-400x234.png 400w, https:\/\/inclusionlab.unican.es\/wp-content\/uploads\/2019\/04\/inclusionLab-fondo-blanco.png 1145w\" sizes=\"auto, (max-width: 512px) 100vw, 512px\" \/><\/a><figcaption><em>Imagotipo inclusionLab de fondo blanco<\/em><\/figcaption><\/figure><\/div>\n\n\n\n\n\n<div class=\"wp-block-image\"><figure class=\"aligncenter\"><img loading=\"lazy\" decoding=\"async\" width=\"300\" height=\"151\" src=\"https:\/\/inclusionlab.unican.es\/wp-content\/uploads\/2017\/05\/descargaPDFinclusionLabpng.png\" alt=\"Icono que indica: Descargar contenido PDF de inclusionLab.\" class=\"wp-image-651\"\/><figcaption>Icono para indicar: Descargar contenido PDF de inclusionLab<\/figcaption><\/figure><\/div>\n\n\n\n<div class=\"wp-block-image\"><figure class=\"aligncenter is-resized\"><img loading=\"lazy\" decoding=\"async\" src=\"https:\/\/inclusionlab.unican.es\/wp-content\/uploads\/LF-ilab-1024x1024.png\" alt=\"Icono que indica: Contenido de lectura f\u00e1cil (inclusionLab)\" class=\"wp-image-1848\" width=\"256\" height=\"256\" srcset=\"https:\/\/inclusionlab.unican.es\/wp-content\/uploads\/LF-ilab-1024x1024.png 1024w, https:\/\/inclusionlab.unican.es\/wp-content\/uploads\/LF-ilab-150x150.png 150w, https:\/\/inclusionlab.unican.es\/wp-content\/uploads\/LF-ilab-300x300.png 300w, https:\/\/inclusionlab.unican.es\/wp-content\/uploads\/LF-ilab-768x768.png 768w, https:\/\/inclusionlab.unican.es\/wp-content\/uploads\/LF-ilab-650x650.png 650w, https:\/\/inclusionlab.unican.es\/wp-content\/uploads\/LF-ilab-1250x1250.png 1250w, https:\/\/inclusionlab.unican.es\/wp-content\/uploads\/LF-ilab-400x400.png 400w, https:\/\/inclusionlab.unican.es\/wp-content\/uploads\/LF-ilab-200x200.png 200w, https:\/\/inclusionlab.unican.es\/wp-content\/uploads\/LF-ilab.png 1568w\" sizes=\"auto, (max-width: 256px) 100vw, 256px\" \/><figcaption>Icono para indicar: Contenido de lectura f\u00e1cil (inclusionLab)<\/figcaption><\/figure><\/div>\n\n\n\n<div class=\"wp-block-image\"><figure class=\"aligncenter is-resized\"><img loading=\"lazy\" decoding=\"async\" src=\"https:\/\/inclusionlab.unican.es\/wp-content\/uploads\/icono_audiovisual.png\" alt=\"Icono de acceso a contenido audiovisual inclusionLab\" class=\"wp-image-1576\" width=\"389\" height=\"241\" srcset=\"https:\/\/inclusionlab.unican.es\/wp-content\/uploads\/icono_audiovisual.png 778w, https:\/\/inclusionlab.unican.es\/wp-content\/uploads\/icono_audiovisual-300x186.png 300w, https:\/\/inclusionlab.unican.es\/wp-content\/uploads\/icono_audiovisual-768x476.png 768w, https:\/\/inclusionlab.unican.es\/wp-content\/uploads\/icono_audiovisual-400x248.png 400w\" sizes=\"auto, (max-width: 389px) 100vw, 389px\" \/><figcaption>Icono para indicar: Acceso a contenido audiovisual inclusionLab<\/figcaption><\/figure><\/div>\n\n\n\n<div class=\"wp-block-image\"><figure class=\"aligncenter is-resized\"><img loading=\"lazy\" decoding=\"async\" src=\"https:\/\/inclusionlab.unican.es\/wp-content\/uploads\/panelRegarDelicadamente-1024x453.png\" alt=\"Icono de acceso a informaci\u00f3n para participar en inclusionLab\" class=\"wp-image-1562\" width=\"512\" height=\"227\" srcset=\"https:\/\/inclusionlab.unican.es\/wp-content\/uploads\/panelRegarDelicadamente.png 1024w, https:\/\/inclusionlab.unican.es\/wp-content\/uploads\/panelRegarDelicadamente-300x133.png 300w, https:\/\/inclusionlab.unican.es\/wp-content\/uploads\/panelRegarDelicadamente-768x340.png 768w, https:\/\/inclusionlab.unican.es\/wp-content\/uploads\/panelRegarDelicadamente-400x177.png 400w\" sizes=\"auto, (max-width: 512px) 100vw, 512px\" \/><figcaption>Icono para indicar: Participa en inclusionLab<\/figcaption><\/figure><\/div>\n\n\n\n<div class=\"wp-block-image\"><figure class=\"aligncenter is-resized\"><a href=\"https:\/\/inclusionlab.unican.es\/wp-content\/uploads\/Licencia-atrib-nocomercial-compartir-igual-CC-900px.png\" target=\"_blank\" rel=\"noreferrer noopener\"><img loading=\"lazy\" decoding=\"async\" src=\"https:\/\/inclusionlab.unican.es\/wp-content\/uploads\/Licencia-atrib-nocomercial-compartir-igual-CC-900px.png\" alt=\"Imagen que indica: Licencia Atribuci\u00f3n-NoComercial-CompartirIgual CreativeCommons\" class=\"wp-image-1777\" width=\"450\" height=\"135\" srcset=\"https:\/\/inclusionlab.unican.es\/wp-content\/uploads\/Licencia-atrib-nocomercial-compartir-igual-CC-900px.png 900w, https:\/\/inclusionlab.unican.es\/wp-content\/uploads\/Licencia-atrib-nocomercial-compartir-igual-CC-900px-300x90.png 300w, https:\/\/inclusionlab.unican.es\/wp-content\/uploads\/Licencia-atrib-nocomercial-compartir-igual-CC-900px-768x230.png 768w, https:\/\/inclusionlab.unican.es\/wp-content\/uploads\/Licencia-atrib-nocomercial-compartir-igual-CC-900px-400x120.png 400w\" sizes=\"auto, (max-width: 450px) 100vw, 450px\" \/><\/a><figcaption>Imagen que indica: Licencia Atribuci\u00f3n-NoComercial-CompartirIgual CreativeCommons<\/figcaption><\/figure><\/div>\n\n\n\n\n\n<div class=\"wp-block-image\"><figure class=\"aligncenter\"><a href=\"https:\/\/www.scribus.net\"><img loading=\"lazy\" decoding=\"async\" width=\"512\" height=\"148\" src=\"https:\/\/inclusionlab.unican.es\/wp-content\/uploads\/logo_scribus.png\" alt=\"Logo de Scribus\" class=\"wp-image-1785\" srcset=\"https:\/\/inclusionlab.unican.es\/wp-content\/uploads\/logo_scribus.png 512w, https:\/\/inclusionlab.unican.es\/wp-content\/uploads\/logo_scribus-300x87.png 300w, https:\/\/inclusionlab.unican.es\/wp-content\/uploads\/logo_scribus-400x116.png 400w\" sizes=\"auto, (max-width: 512px) 100vw, 512px\" \/><\/a><figcaption>Software para la maquetaci\u00f3n de documentos y publicaciones \n(folletos, gu\u00edas, revistas&#8230;)<\/figcaption><\/figure><\/div>\n\n\n\n<div class=\"wp-block-image\"><figure class=\"aligncenter is-resized\"><a href=\"https:\/\/inkscape.org\"><img loading=\"lazy\" decoding=\"async\" src=\"https:\/\/inclusionlab.unican.es\/wp-content\/uploads\/inkscape-flat-logo-2color-text.png\" alt=\"Logo de InkScape\" class=\"wp-image-1783\" width=\"200\" height=\"205\" srcset=\"https:\/\/inclusionlab.unican.es\/wp-content\/uploads\/inkscape-flat-logo-2color-text.png 800w, https:\/\/inclusionlab.unican.es\/wp-content\/uploads\/inkscape-flat-logo-2color-text-293x300.png 293w, https:\/\/inclusionlab.unican.es\/wp-content\/uploads\/inkscape-flat-logo-2color-text-768x785.png 768w, https:\/\/inclusionlab.unican.es\/wp-content\/uploads\/inkscape-flat-logo-2color-text-400x409.png 400w\" sizes=\"auto, (max-width: 200px) 100vw, 200px\" \/><\/a><figcaption>Software para dise\u00f1o vectorial (folletos, logos, im\u00e1genes, iconos, maquetaci\u00f3n web&#8230;)\nThe Inkscape logo is licenced CC-By-SA 3.0, its original author is Andrew Michael Fitzsimon.<\/figcaption><\/figure><\/div>\n\n\n\n\n\n<h3 class=\"wp-block-heading\">Tipograf\u00eda utilizada<\/h3>\n\n\n\n<p style=\"text-align:center\">Ubuntu, descargar desde <a href=\"https:\/\/design.ubuntu.com\/font\/\" target=\"_blank\" rel=\"noreferrer noopener\">aqu\u00ed (download ubuntu Font family)<\/a><\/p>\n\n\n\n<h3 class=\"wp-block-heading\">Presentaciones (ppt)<\/h3>\n\n\n\n<p style=\"text-align:center\">Plantilla pptx inclusionLab para unificar dise\u00f1o de las <br>presentaciones para la difusi\u00f3n del trabajo desarrollado en el Proyecto <br>(<a href=\"https:\/\/personales.unican.es\/ruizlj\/ilab\/Plantilla-inclusionLab.potx\" target=\"_blank\" rel=\"noreferrer noopener\" aria-label=\" (abre en una nueva pesta\u00f1a)\">descargar aqu\u00ed<\/a>)<\/p>\n\n\n\n<p style=\"text-align:center\">Plantilla pptx inclusionLab para crear <br>im\u00e1genes cuadradas para el dise\u00f1o de las portadas <br>(<a rel=\"noreferrer noopener\" aria-label=\" (abre en una nueva pesta\u00f1a)\" href=\"https:\/\/personales.unican.es\/ruizlj\/ilab\/Cuadradicos.pptx\" target=\"_blank\">descargar aqu\u00ed<\/a>)<\/p>\n\n\n\n<p style=\"text-align:center\">Plantilla para promover la PARTICIPACI\u00d3N <br>en <a rel=\"noreferrer noopener\" aria-label=\"formato lectura f\u00e1cil (abre en una nueva pesta\u00f1a)\" href=\"https:\/\/easy-to-read.eu\/es\/european-standards\/\" target=\"_blank\">formato lectura f\u00e1cil<\/a> en inclusionLab<br>(<a href=\"https:\/\/personales.unican.es\/ruizlj\/CC\/participar.zip\" target=\"_blank\" rel=\"noreferrer noopener\" aria-label=\"descargar aqu\u00ed (abre en una nueva pesta\u00f1a)\">descargar aqu\u00ed<\/a>)<\/p>\n\n\n\n<div class=\"wp-block-image\"><figure class=\"aligncenter is-resized\"><img loading=\"lazy\" decoding=\"async\" src=\"https:\/\/inclusionlab.unican.es\/wp-content\/uploads\/LF-ilab-1024x1024.png\" alt=\"\" class=\"wp-image-1848\" width=\"80\" height=\"80\" srcset=\"https:\/\/inclusionlab.unican.es\/wp-content\/uploads\/LF-ilab-1024x1024.png 1024w, https:\/\/inclusionlab.unican.es\/wp-content\/uploads\/LF-ilab-150x150.png 150w, https:\/\/inclusionlab.unican.es\/wp-content\/uploads\/LF-ilab-300x300.png 300w, https:\/\/inclusionlab.unican.es\/wp-content\/uploads\/LF-ilab-768x768.png 768w, https:\/\/inclusionlab.unican.es\/wp-content\/uploads\/LF-ilab-650x650.png 650w, https:\/\/inclusionlab.unican.es\/wp-content\/uploads\/LF-ilab-1250x1250.png 1250w, https:\/\/inclusionlab.unican.es\/wp-content\/uploads\/LF-ilab-400x400.png 400w, https:\/\/inclusionlab.unican.es\/wp-content\/uploads\/LF-ilab-200x200.png 200w, https:\/\/inclusionlab.unican.es\/wp-content\/uploads\/LF-ilab.png 1568w\" sizes=\"auto, (max-width: 80px) 100vw, 80px\" \/><\/figure><\/div>\n\n\n\n<h3 class=\"wp-block-heading\">Documentos (doc)<\/h3>\n\n\n\n<p style=\"text-align:center\">Plantilla documento word <br>(<a rel=\"noreferrer noopener\" href=\"https:\/\/inclusionlab.unican.es\/wp-content\/uploads\/Plantilla-word-inclusionLab.dotx\" target=\"_blank\">descargar aqu\u00ed<\/a>)<\/p>\n\n\n\n<hr class=\"wp-block-separator\"\/>\n\n\n\n<p>Dise\u00f1o gr\u00e1fico: Julia Ruiz-L\u00f3pez<\/p>\n\n\n\n<div class=\"wp-block-image\"><figure class=\"alignright is-resized\"><a href=\"http:\/\/creativecommons.org\/licenses\/by-nc-sa\/4.0\/\"><img loading=\"lazy\" decoding=\"async\" src=\"https:\/\/inclusionlab.unican.es\/wp-content\/uploads\/Licencia-atrib-nocomercial-compartir-igual-CC-900px.png\" alt=\"\" class=\"wp-image-1777\" width=\"450\" height=\"135\" srcset=\"https:\/\/inclusionlab.unican.es\/wp-content\/uploads\/Licencia-atrib-nocomercial-compartir-igual-CC-900px.png 900w, https:\/\/inclusionlab.unican.es\/wp-content\/uploads\/Licencia-atrib-nocomercial-compartir-igual-CC-900px-300x90.png 300w, https:\/\/inclusionlab.unican.es\/wp-content\/uploads\/Licencia-atrib-nocomercial-compartir-igual-CC-900px-768x230.png 768w, https:\/\/inclusionlab.unican.es\/wp-content\/uploads\/Licencia-atrib-nocomercial-compartir-igual-CC-900px-400x120.png 400w\" sizes=\"auto, (max-width: 450px) 100vw, 450px\" \/><\/a><\/figure><\/div>\n","protected":false},"excerpt":{"rendered":"<p>Marr\u00f3n oscuro: #423a34Verde oscuro: #99cd6eVerde claro: #a2d177Gris: #d2d2d2 Azul: #2ad4ffNaranja: #ff7f2aAmarillo: #d4ff2aVerde: #37c871 Salto de p\u00e1rrafo: introSalto de l\u00ednea: Shift + intro Color de fondo bloque verde: #80c860Bloque verde minheight: 30pxColor fuente gris: #333Color fondo blanco: #fff Color fondo para transcripci\u00f3n: #faffd5 Cambiar a modo HTML: editor de c\u00f3digoCambiar a modo en bloques: editor visual [&hellip;]<\/p>\n","protected":false},"author":8,"featured_media":0,"parent":0,"menu_order":0,"comment_status":"open","ping_status":"closed","template":"","meta":{"_exactmetrics_skip_tracking":false,"_exactmetrics_sitenote_active":false,"_exactmetrics_sitenote_note":"","_exactmetrics_sitenote_category":0,"footnotes":""},"class_list":["post-1597","page","type-page","status-publish","hentry","aesop-entry-content"],"translation":{"provider":"WPGlobus","version":"3.0.2","language":"en","enabled_languages":["es","en"],"languages":{"es":{"title":true,"content":true,"excerpt":false},"en":{"title":false,"content":false,"excerpt":false}}},"_links":{"self":[{"href":"https:\/\/inclusionlab.unican.es\/en\/wp-json\/wp\/v2\/pages\/1597","targetHints":{"allow":["GET"]}}],"collection":[{"href":"https:\/\/inclusionlab.unican.es\/en\/wp-json\/wp\/v2\/pages"}],"about":[{"href":"https:\/\/inclusionlab.unican.es\/en\/wp-json\/wp\/v2\/types\/page"}],"author":[{"embeddable":true,"href":"https:\/\/inclusionlab.unican.es\/en\/wp-json\/wp\/v2\/users\/8"}],"replies":[{"embeddable":true,"href":"https:\/\/inclusionlab.unican.es\/en\/wp-json\/wp\/v2\/comments?post=1597"}],"version-history":[{"count":35,"href":"https:\/\/inclusionlab.unican.es\/en\/wp-json\/wp\/v2\/pages\/1597\/revisions"}],"predecessor-version":[{"id":3079,"href":"https:\/\/inclusionlab.unican.es\/en\/wp-json\/wp\/v2\/pages\/1597\/revisions\/3079"}],"wp:attachment":[{"href":"https:\/\/inclusionlab.unican.es\/en\/wp-json\/wp\/v2\/media?parent=1597"}],"curies":[{"name":"wp","href":"https:\/\/api.w.org\/{rel}","templated":true}]}}