{"id":1288,"date":"2018-06-18T13:48:59","date_gmt":"2018-06-18T11:48:59","guid":{"rendered":"http:\/\/inclusionlab.unican.es\/?page_id=1288"},"modified":"2018-10-16T10:38:23","modified_gmt":"2018-10-16T08:38:23","slug":"expo-rrss","status":"publish","type":"page","link":"https:\/\/inclusionlab.unican.es\/en\/expo-rrss\/","title":{"rendered":"La importancia de las relaciones sociales y la soledad"},"content":{"rendered":"<p>[aesop_chapter title=&#8221;\u00bfYa sabes qui\u00e9nes somos y en qu\u00e9 hemos trabajado?&#8221; bgtype=&#8221;color&#8221; full=&#8221;on&#8221; video_autoplay=&#8221;on&#8221; bgcolor=&#8221;#80c860&#8243; minheight=&#8221;30px&#8221; revealfx=&#8221;off&#8221; overlay_revealfx=&#8221;off&#8221;]<\/p>\n\n\n\n<p>Descubre quienes somos y el proceso de investigaci\u00f3n del grupo<br\/>\nhaciendo clic en la planta:<\/p>\n\n\n\n<div class=\"wp-block-image\"><figure class=\"aligncenter\"><a href=\"https:\/\/inclusionlab.unican.es\/plenainclusion\/\"><img loading=\"lazy\" decoding=\"async\" width=\"300\" height=\"300\" src=\"https:\/\/inclusionlab.unican.es\/wp-content\/uploads\/2016\/12\/plantilla_350-1-300x300.png\" alt=\"Haz clic aqu\u00ed para acceder al proceso de investigaci\u00f3n\" class=\"wp-image-219\" srcset=\"https:\/\/inclusionlab.unican.es\/wp-content\/uploads\/2016\/12\/plantilla_350-1-300x300.png 300w, https:\/\/inclusionlab.unican.es\/wp-content\/uploads\/2016\/12\/plantilla_350-1-150x150.png 150w, https:\/\/inclusionlab.unican.es\/wp-content\/uploads\/2016\/12\/plantilla_350-1-200x200.png 200w, https:\/\/inclusionlab.unican.es\/wp-content\/uploads\/2016\/12\/plantilla_350-1.png 350w\" sizes=\"auto, (max-width: 300px) 100vw, 300px\" \/><\/a><\/figure><\/div>\n\n\n<p>[aesop_chapter title=&#8221;INVITACI\u00d3N A LA EXPOSICI\u00d3N&#8221; bgtype=&#8221;color&#8221; full=&#8221;on&#8221; video_autoplay=&#8221;on&#8221; bgcolor=&#8221;#80c860&#8243; minheight=&#8221;30px&#8221; revealfx=&#8221;off&#8221; overlay_revealfx=&#8221;off&#8221;]<\/p>\n\n\n\n<p>Haz clic en la imagen de la invitaci\u00f3n para poder verla m\u00e1s grande.<\/p>\n\n\n\n<div class=\"wp-block-image\"><figure class=\"aligncenter\"><a href=\"https:\/\/inclusionlab.unican.es\/wp-content\/uploads\/2018\/06\/invitaci\u00f3n-expo-rrss.jpg\"><img loading=\"lazy\" decoding=\"async\" width=\"300\" height=\"208\" src=\"https:\/\/inclusionlab.unican.es\/wp-content\/uploads\/2018\/06\/invitaci\u00f3n-expo-rrss-300x208.jpg\" alt=\"\" class=\"wp-image-1298\" srcset=\"https:\/\/inclusionlab.unican.es\/wp-content\/uploads\/2018\/06\/invitaci\u00f3n-expo-rrss-300x208.jpg 300w, https:\/\/inclusionlab.unican.es\/wp-content\/uploads\/2018\/06\/invitaci\u00f3n-expo-rrss-768x532.jpg 768w, https:\/\/inclusionlab.unican.es\/wp-content\/uploads\/2018\/06\/invitaci\u00f3n-expo-rrss.jpg 1024w, https:\/\/inclusionlab.unican.es\/wp-content\/uploads\/2018\/06\/invitaci\u00f3n-expo-rrss-400x277.jpg 400w\" sizes=\"auto, (max-width: 300px) 100vw, 300px\" \/><\/a><\/figure><\/div>\n","protected":false},"excerpt":{"rendered":"<p>Descubre quienes somos y el proceso de investigaci\u00f3n del grupo haciendo clic en la planta: Haz clic en la imagen de la invitaci\u00f3n para poder verla m\u00e1s grande.<\/p>\n","protected":false},"author":8,"featured_media":0,"parent":0,"menu_order":0,"comment_status":"closed","ping_status":"closed","template":"","meta":{"_exactmetrics_skip_tracking":false,"_exactmetrics_sitenote_active":false,"_exactmetrics_sitenote_note":"","_exactmetrics_sitenote_category":0,"footnotes":""},"class_list":["post-1288","page","type-page","status-publish","hentry","aesop-entry-content"],"translation":{"provider":"WPGlobus","version":"3.0.2","language":"en","enabled_languages":["es","en"],"languages":{"es":{"title":true,"content":true,"excerpt":false},"en":{"title":false,"content":false,"excerpt":false}}},"_links":{"self":[{"href":"https:\/\/inclusionlab.unican.es\/en\/wp-json\/wp\/v2\/pages\/1288","targetHints":{"allow":["GET"]}}],"collection":[{"href":"https:\/\/inclusionlab.unican.es\/en\/wp-json\/wp\/v2\/pages"}],"about":[{"href":"https:\/\/inclusionlab.unican.es\/en\/wp-json\/wp\/v2\/types\/page"}],"author":[{"embeddable":true,"href":"https:\/\/inclusionlab.unican.es\/en\/wp-json\/wp\/v2\/users\/8"}],"replies":[{"embeddable":true,"href":"https:\/\/inclusionlab.unican.es\/en\/wp-json\/wp\/v2\/comments?post=1288"}],"version-history":[{"count":18,"href":"https:\/\/inclusionlab.unican.es\/en\/wp-json\/wp\/v2\/pages\/1288\/revisions"}],"predecessor-version":[{"id":1711,"href":"https:\/\/inclusionlab.unican.es\/en\/wp-json\/wp\/v2\/pages\/1288\/revisions\/1711"}],"wp:attachment":[{"href":"https:\/\/inclusionlab.unican.es\/en\/wp-json\/wp\/v2\/media?parent=1288"}],"curies":[{"name":"wp","href":"https:\/\/api.w.org\/{rel}","templated":true}]}}