{"id":1284,"date":"2018-06-18T13:45:52","date_gmt":"2018-06-18T11:45:52","guid":{"rendered":"http:\/\/inclusionlab.unican.es\/?page_id=1284"},"modified":"2019-09-21T19:42:47","modified_gmt":"2019-09-21T17:42:47","slug":"politica-de-privacidad","status":"publish","type":"page","link":"https:\/\/inclusionlab.unican.es\/en\/politica-de-privacidad\/","title":{"rendered":"Pol\u00edtica de privacidad"},"content":{"rendered":"\n<h2 class=\"wp-block-heading\"><strong>Qui\u00e9nes somos<\/strong><\/h2>\n\n\n\n<p>La direcci\u00f3n de nuestra web es: <a href=\"https:\/\/inclusionlab.unican.es\/\">https:\/\/inclusionlab.unican.es<\/a>. Puedes consultar la informaci\u00f3n sobre el equipo de investigadores e investigadoras que forman parte del Grupo de investigaci\u00f3n in-ParES en el siguiente enlace: <a href=\"https:\/\/inclusionlab.unican.es\/equipo\/\">https:\/\/inclusionlab.unican.es\/equipo\/<\/a><\/p>\n\n\n\n<h2 class=\"wp-block-heading\"><strong>Qu\u00e9 datos personales recogemos y por qu\u00e9 los recogemos<\/strong><\/h2>\n\n\n\n<h3 class=\"wp-block-heading\"><strong>Comentarios<\/strong><\/h3>\n\n\n\n<p>Cuando los visitantes dejan comentarios en la web, recopilamos los datos que se muestran en el formulario de comentarios, as\u00ed como la direcci\u00f3n IP del visitante y la cadena de agentes de usuario del navegador para ayudar a la detecci\u00f3n de spam.<\/p>\n\n\n\n<p>Una cadena an\u00f3nima creada a partir de tu direcci\u00f3n de correo electr\u00f3nico (tambi\u00e9n llamada hash) puede ser proporcionada al servicio de Gravatar para ver si la est\u00e1s usando. La pol\u00edtica de privacidad del servicio Gravatar est\u00e1 disponible aqu\u00ed: <a href=\"https:\/\/automattic.com\/privacy\/\">https:\/\/automattic.com\/privacy\/<\/a> . Despu\u00e9s de la aprobaci\u00f3n de tu comentario, la imagen de tu perfil es visible para el p\u00fablico en el contexto de su comentario.<\/p>\n\n\n\n<h3 class=\"wp-block-heading\"><strong>Medios<\/strong><\/h3>\n\n\n\n<p>Si subes im\u00e1genes a la web deber\u00edas evitar subir im\u00e1genes con datos de ubicaci\u00f3n (GPS EXIF) incluidos. Los visitantes de la web pueden descargar y extraer cualquier dato de localizaci\u00f3n de las im\u00e1genes de la web.<\/p>\n\n\n\n<p>Consulta en la web c\u00f3mo puedes eliminar los datos GPS EXIF de la foto antes de subirla en nuestra web (<a href=\"https:\/\/www.xataka.com\/basics\/que-son-y-como-borrar-los-metadatos-de-una-foto-en-windows-10\">en windows<\/a> \/ <a href=\"https:\/\/www.xataka.com\/basics\/que-son-y-como-borrar-los-metadatos-de-una-foto-en-mac\">en mac<\/a>)<\/p>\n\n\n\n<h3 class=\"wp-block-heading\"><strong>Formularios de contacto<\/strong><\/h3>\n\n\n\n<p>Si dejas un mensaje a trav\u00e9s del formulario de contacto, para poder identificarte y responderte se te solicitar\u00e1 tu nombre y email, as\u00ed como lo que quieres incluir como texto en la pregunta o solicitud del formulario. Por defecto el sistema que usamos no almacena los datos incluidos en el formulario, simplemente los env\u00eda por correo a inclusionLab@unican.es<\/p>\n\n\n\n<h3 class=\"wp-block-heading\"><strong>Cookies<\/strong><\/h3>\n\n\n\n<p>Si dejas un comentario en nuestro sitio puedes elegir guardar tu nombre, direcci\u00f3n de correo electr\u00f3nico y web en cookies. Esto es para tu comodidad, para que no tengas que volver a rellenar tus datos cuando dejes otro comentario. Estas cookies tendr\u00e1n una duraci\u00f3n de un a\u00f1o.<\/p>\n\n\n\n<p>Si tienes una cuenta y te conectas a este sitio, instalaremos una cookie temporal para determinar si tu navegador acepta cookies. Esta cookie no contiene datos personales y se elimina al cerrar el navegador.<\/p>\n\n\n\n<p>Cuando inicias sesi\u00f3n, tambi\u00e9n instalaremos varias cookies para guardar tu informaci\u00f3n de inicio de sesi\u00f3n y tus opciones de visualizaci\u00f3n de pantalla. Las cookies de inicio de sesi\u00f3n duran dos d\u00edas, y las cookies de opciones de pantalla duran un a\u00f1o. Si seleccionas \u201cRecordarme\u201d, tu inicio de sesi\u00f3n perdurar\u00e1 durante dos semanas. Si sales de tu cuenta, las cookies de inicio de sesi\u00f3n se eliminar\u00e1n.<\/p>\n\n\n\n<p>Si editas o publicas un art\u00edculo se guardar\u00e1 una cookie adicional en tu navegador. Esta cookie no incluye datos personales y simplemente indica el ID del art\u00edculo que acabas de editar. Caduca despu\u00e9s de 1 d\u00eda.<\/p>\n\n\n\n<h3 class=\"wp-block-heading\"><strong>Contenido incrustado de otros sitios web<\/strong><\/h3>\n\n\n\n<p>Los art\u00edculos de este sitio pueden incluir contenido incrustado (por ejemplo, v\u00eddeos, im\u00e1genes, mp3, pdf, art\u00edculos, etc.). El contenido incrustado de otras web se comporta exactamente de la misma manera que si el visitante hubiera visitado la otra web.<\/p>\n\n\n\n<p>\u00c9stas web pueden recopilar datos sobre ti, utilizar cookies, incrustar un seguimiento adicional de terceros, y supervisar tu interacci\u00f3n con ese contenido incrustado, incluido el seguimiento de su interacci\u00f3n con el contenido incrustado si tienes una cuenta y est\u00e1s conectado a esa web.<\/p>\n\n\n\n<h3 class=\"wp-block-heading\"><strong>Anal\u00edtica<\/strong><\/h3>\n\n\n\n<p>Nuestros servicios de anal\u00edtica son prove\u00eddos por Google Analytics. Google Analytics emplea principalmente cookies de origen para realizar informes sobre las interacciones de los usuarios en su sitio web (qu\u00e9 p\u00e1ginas visita, desde qu\u00e9 pa\u00eds, cu\u00e1nto tiempo las visita, con qu\u00e9 resoluci\u00f3n de pantalla\u2026). Estas cookies se utilizan para almacenar informaci\u00f3n de identificaci\u00f3n no personal que nos ayude a revisar el dise\u00f1o de la web y las necesidades de nuestros visitantes (idioma, n\u00famero de saltos para el acceso a la informaci\u00f3n\u2026). Los navegadores no comparten cookies de origen a trav\u00e9s de distintos dominios. En nuestro caso no utilizamos la funci\u00f3n de Google Analytics para anunciantes.<\/p>\n\n\n\n<p>Como clientes de Google Analytics hemos habilitado el m\u00e9todo de la colecci\u00f3n analytics.js a trav\u00e9s de <a href=\"https:\/\/support.google.com\/analytics\/bin\/answer.py?hl=es&amp;answer=2790010\">Universal Analytics<\/a> estableciendo una cookie. La informaci\u00f3n almacenada en la cookie local de origen se reduce a un identificador aleatorio (por ejemplo, 12345.67890).<\/p>\n\n\n\n<h2 class=\"wp-block-heading\"><strong>Con qui\u00e9n compartimos tus datos<\/strong><\/h2>\n\n\n\n<p>Compartimos nuestros datos con nuestros proveedores de servicios terceros para el control de distintos medidores de alcance, entre los cuales figuran Google, Twitter y WordPress, quienes mantienen control de la informaci\u00f3n privilegiada a trav\u00e9s del uso de cookies instaladas en su navegador de manera autom\u00e1tica, nosotros no mantenemos ning\u00fan dato de esta \u00edndole de manera local ni de ninguna manera en nuestros servidores, s\u00f3lo se mantiene la informaci\u00f3n proporcionada de manera personal en nuestra base de datos si es que usted decidi\u00f3 registrarse en alguno de nuestros formularios o mantiene una cuenta en nuestro sitio web.<\/p>\n\n\n\n<h2 class=\"wp-block-heading\"><strong>Cu\u00e1nto tiempo conservamos tus datos<\/strong><\/h2>\n\n\n\n<p>Si dejas un comentario, el comentario y sus metadatos se conservan indefinidamente. Esto es para que podamos reconocer y aprobar comentarios sucesivos autom\u00e1ticamente en lugar de mantenerlos en una cola de moderaci\u00f3n.<\/p>\n\n\n\n<p>De los usuarios que se registran en nuestra web, tambi\u00e9n almacenamos la informaci\u00f3n personal que proporcionan en su perfil de usuario. Todos los usuarios pueden ver, editar o eliminar su informaci\u00f3n personal en cualquier momento (excepto que no pueden cambiar su nombre de usuario). Los administradores de la web tambi\u00e9n pueden ver y editar esa informaci\u00f3n.<\/p>\n\n\n\n<h2 class=\"wp-block-heading\"><strong>Qu\u00e9 derechos tienes sobre tus datos<\/strong><\/h2>\n\n\n\n<p>Si tienes una cuenta o has dejado comentarios en esta web, puedes solicitar recibir un archivo de exportaci\u00f3n de los datos personales que tenemos sobre ti, incluyendo cualquier dato que nos hayas proporcionado. Tambi\u00e9n puedes solicitar que eliminemos cualquier dato personal que tengamos sobre ti. Esto no incluye ning\u00fan dato que estemos obligados a conservar con fines administrativos, legales o de seguridad.<\/p>\n\n\n\n<p>Si has participado en la investigaci\u00f3n fue necesario obtener tu consentimiento para recabar datos para la investigaci\u00f3n y poder participar en la investigaci\u00f3n, si necesitas consultar tu consentimiento o perdiste tu copia, preg\u00fantanos en inclusionLab@unican.es &nbsp;<\/p>\n\n\n\n<h2 class=\"wp-block-heading\"><strong>D\u00f3nde enviamos tus datos<\/strong><\/h2>\n\n\n\n<p>Los comentarios de los visitantes puede que los revise un servicio de detecci\u00f3n autom\u00e1tica de spam del CMS wordpress. Para evitar que sistemas de env\u00edo de comentarios autom\u00e1tico colapse de comentarios publicitarios nuestra web.<\/p>\n\n\n\n<h2 class=\"wp-block-heading\"><strong>Tu informaci\u00f3n de contacto<\/strong><\/h2>\n\n\n\n<p>Dependiendo del uso del sitio su informaci\u00f3n de contacto se usa de distintas maneras, por ejemplo si usted deja un comentario en nuestro sitio web este es controlado a trav\u00e9s de wordpress tal y como aparece especificado en el apartado \u2018Comentarios\u2019 (unas l\u00edneas m\u00e1s arriba).<\/p>\n\n\n\n<h2 class=\"wp-block-heading\"><strong>Informaci\u00f3n adicional<\/strong><\/h2>\n\n\n\n<h3 class=\"wp-block-heading\"><strong>C\u00f3mo protegemos tus datos<\/strong><\/h3>\n\n\n\n<p>Mantenemos toda nuestra informaci\u00f3n en nuestros servidores, estos cuentan con encriptaci\u00f3n de alto nivel.<\/p>\n\n\n\n<h3 class=\"wp-block-heading\"><strong>Qu\u00e9 procedimientos utilizamos contra las brechas de datos<\/strong><\/h3>\n\n\n\n<p>La comunidad WordPress se mantiene alerta para el mantenimiento de la seguridad de WordPress. Nosotras y el equipo de mantenimiento de los servidores web nos preocupamos de atender a sus solicitudes de actualizaci\u00f3n para eliminar posibles brechas de datos y mantener la seguridad de nuestro sitio.<\/p>\n\n\n\n<h3 class=\"wp-block-heading\"><strong>De qu\u00e9 terceros recibimos datos<\/strong><\/h3>\n\n\n\n<p>Recibimos datos de Google Analytics, Twitter Analytics y todos nuestros proveedores de servicios terceros con fines de an\u00e1lisis para proveer un mejor contenido, estos datos se almacenan en sus respectivos servidores.<\/p>\n\n\n\n<h3 class=\"wp-block-heading\"><strong>Qu\u00e9 tipo de toma de decisiones automatizada y\/o perfilado hacemos con los datos del usuario<\/strong><\/h3>\n\n\n\n<p>No hacemos uso de algoritmos automatizados de toma de decisi\u00f3n. Los an\u00e1lisis por perfil de usuario son mantenidos por la herramienta Analytics de Google y se corresponden con los accesos a nuestra web.<\/p>\n\n\n\n<h3 class=\"wp-block-heading\"><strong>Requerimientos regulatorios de revelaci\u00f3n de informaci\u00f3n del sector<\/strong><\/h3>\n\n\n\n<p>No hay requerimientos adicionales.<\/p>\n","protected":false},"excerpt":{"rendered":"<p>Qui\u00e9nes somos La direcci\u00f3n de nuestra web es: https:\/\/inclusionlab.unican.es. Puedes consultar la informaci\u00f3n sobre el equipo de investigadores e investigadoras que forman parte del Grupo de investigaci\u00f3n in-ParES en el siguiente enlace: https:\/\/inclusionlab.unican.es\/equipo\/ Qu\u00e9 datos personales recogemos y por qu\u00e9 los recogemos Comentarios Cuando los visitantes dejan comentarios en la web, recopilamos los datos que [&hellip;]<\/p>\n","protected":false},"author":8,"featured_media":0,"parent":0,"menu_order":0,"comment_status":"closed","ping_status":"closed","template":"","meta":{"_exactmetrics_skip_tracking":false,"_exactmetrics_sitenote_active":false,"_exactmetrics_sitenote_note":"","_exactmetrics_sitenote_category":0,"footnotes":""},"class_list":["post-1284","page","type-page","status-publish","hentry","aesop-entry-content"],"translation":{"provider":"WPGlobus","version":"3.0.2","language":"en","enabled_languages":["es","en"],"languages":{"es":{"title":true,"content":true,"excerpt":false},"en":{"title":false,"content":false,"excerpt":false}}},"_links":{"self":[{"href":"https:\/\/inclusionlab.unican.es\/en\/wp-json\/wp\/v2\/pages\/1284","targetHints":{"allow":["GET"]}}],"collection":[{"href":"https:\/\/inclusionlab.unican.es\/en\/wp-json\/wp\/v2\/pages"}],"about":[{"href":"https:\/\/inclusionlab.unican.es\/en\/wp-json\/wp\/v2\/types\/page"}],"author":[{"embeddable":true,"href":"https:\/\/inclusionlab.unican.es\/en\/wp-json\/wp\/v2\/users\/8"}],"replies":[{"embeddable":true,"href":"https:\/\/inclusionlab.unican.es\/en\/wp-json\/wp\/v2\/comments?post=1284"}],"version-history":[{"count":6,"href":"https:\/\/inclusionlab.unican.es\/en\/wp-json\/wp\/v2\/pages\/1284\/revisions"}],"predecessor-version":[{"id":2865,"href":"https:\/\/inclusionlab.unican.es\/en\/wp-json\/wp\/v2\/pages\/1284\/revisions\/2865"}],"wp:attachment":[{"href":"https:\/\/inclusionlab.unican.es\/en\/wp-json\/wp\/v2\/media?parent=1284"}],"curies":[{"name":"wp","href":"https:\/\/api.w.org\/{rel}","templated":true}]}}