{"id":1221,"date":"2018-03-07T14:04:34","date_gmt":"2018-03-07T13:04:34","guid":{"rendered":"http:\/\/inclusionlab.unican.es\/?page_id=1221"},"modified":"2021-04-03T19:59:27","modified_gmt":"2021-04-03T17:59:27","slug":"riies","status":"publish","type":"page","link":"https:\/\/inclusionlab.unican.es\/en\/riies\/","title":{"rendered":"INNOVATION NETWORKS FOR EDUCATIONAL AND SOCIAL INCLUSION \/ EDU2015"},"content":{"rendered":"<hr \/>\n<h2>Subproject #1*<\/h2>\n<h3>Innovation Networks for Educational and Social Inclusion:<br \/>\nParticipatory Research Ecosystems.<\/h3>\n<p>\u00c1ngeles Parrilla Latas (IP)<br \/>\nWeb: <a href=\"https:\/\/proyectoriies.com\" target=\"_blank\" rel=\"noopener\">https:\/\/proyectoriies.com<\/a>, <a href=\"https:\/\/grupocies.webs.uvigo.es\" target=\"_blank\" rel=\"noopener\">https:\/\/grupocies.webs.uvigo.es<\/a><\/p>\n<p><img loading=\"lazy\" decoding=\"async\" class=\"alignright wp-image-1231\" src=\"https:\/\/inclusionlab.unican.es\/wp-content\/uploads\/2018\/03\/logo-inclusionLab-web-1024x594.png\" alt=\"Logo inclusionLab\" width=\"290\" height=\"168\" srcset=\"https:\/\/inclusionlab.unican.es\/wp-content\/uploads\/2018\/03\/logo-inclusionLab-web-1024x594.png 1024w, https:\/\/inclusionlab.unican.es\/wp-content\/uploads\/2018\/03\/logo-inclusionLab-web-300x174.png 300w, https:\/\/inclusionlab.unican.es\/wp-content\/uploads\/2018\/03\/logo-inclusionLab-web-768x445.png 768w, https:\/\/inclusionlab.unican.es\/wp-content\/uploads\/2018\/03\/logo-inclusionLab-web-1250x725.png 1250w, https:\/\/inclusionlab.unican.es\/wp-content\/uploads\/2018\/03\/logo-inclusionLab-web-400x232.png 400w, https:\/\/inclusionlab.unican.es\/wp-content\/uploads\/2018\/03\/logo-inclusionLab-web.png 1481w\" sizes=\"auto, (max-width: 290px) 100vw, 290px\" \/><\/p>\n<hr \/>\n<h2>Subproject #2<\/h2>\n<h3>Innovation Networks for Educational and Social Inclusion:<br \/>\nInclusion lab.<\/h3>\n<p>Teresa Susinos Rada (IP)<br \/>\n<a href=\"https:\/\/inclusionlab.unican.es\/en\" target=\"_blank\" rel=\"noopener\">https:\/\/inclusionlab.unican.es\/en<\/a><\/p>\n<hr \/>\n<h2>Subproject #3<\/h2>\n<h3>Innovation Networks for Educational and Social Inclusion:<br \/>\nInterinstitutional Collaboration in the disengagement and school dropout.<\/h3>\n<p>Carmen Gallego Vega (IP)<br \/>\nWeb: <a href=\"http:\/\/institucionales.us.es\/riies\/index.php\" target=\"_blank\" rel=\"noopener\">http:\/\/institucionales.us.es\/riies\/index.php<\/a><\/p>\n<hr \/>\n<h2>Subproject #4<\/h2>\n<h3>Innovation Networks for Educational and Social Inclusion:<br \/>\nVulnerable childhood, socio-educational services and families.<\/h3>\n<p>Bego\u00f1a Mart\u00ednez Mart\u00ednez (IP)<br \/>\nWeb: <a href=\"https:\/\/kideon.eus\" target=\"_blank\" rel=\"noopener\">https:\/\/kideon.eus<\/a><\/p>\n<hr \/>\n<p>* The principal investigator (PI) of subproject 1 is coordinator of the coordinated project.<\/p>\n","protected":false},"excerpt":{"rendered":"<p>Subproject #1* Innovation Networks for Educational and Social Inclusion: Participatory Research Ecosystems. \u00c1ngeles Parrilla Latas (IP) Web: https:\/\/proyectoriies.com, https:\/\/grupocies.webs.uvigo.es Subproject #2 Innovation Networks for Educational and Social Inclusion: Inclusion lab. Teresa Susinos Rada (IP) https:\/\/inclusionlab.unican.es\/en Subproject #3 Innovation Networks for Educational and Social Inclusion: Interinstitutional Collaboration in the disengagement and school dropout. Carmen Gallego Vega [&hellip;]<\/p>\n","protected":false},"author":8,"featured_media":1225,"parent":0,"menu_order":0,"comment_status":"closed","ping_status":"closed","template":"","meta":{"_exactmetrics_skip_tracking":false,"_exactmetrics_sitenote_active":false,"_exactmetrics_sitenote_note":"","_exactmetrics_sitenote_category":0,"footnotes":""},"class_list":{"0":"post-1221","1":"page","2":"type-page","3":"status-publish","4":"has-post-thumbnail","5":"hentry","7":"aesop-entry-content"},"translation":{"provider":"WPGlobus","version":"3.0.2","language":"en","enabled_languages":["es","en"],"languages":{"es":{"title":true,"content":true,"excerpt":false},"en":{"title":true,"content":true,"excerpt":false}}},"_links":{"self":[{"href":"https:\/\/inclusionlab.unican.es\/en\/wp-json\/wp\/v2\/pages\/1221","targetHints":{"allow":["GET"]}}],"collection":[{"href":"https:\/\/inclusionlab.unican.es\/en\/wp-json\/wp\/v2\/pages"}],"about":[{"href":"https:\/\/inclusionlab.unican.es\/en\/wp-json\/wp\/v2\/types\/page"}],"author":[{"embeddable":true,"href":"https:\/\/inclusionlab.unican.es\/en\/wp-json\/wp\/v2\/users\/8"}],"replies":[{"embeddable":true,"href":"https:\/\/inclusionlab.unican.es\/en\/wp-json\/wp\/v2\/comments?post=1221"}],"version-history":[{"count":19,"href":"https:\/\/inclusionlab.unican.es\/en\/wp-json\/wp\/v2\/pages\/1221\/revisions"}],"predecessor-version":[{"id":4243,"href":"https:\/\/inclusionlab.unican.es\/en\/wp-json\/wp\/v2\/pages\/1221\/revisions\/4243"}],"wp:featuredmedia":[{"embeddable":true,"href":"https:\/\/inclusionlab.unican.es\/en\/wp-json\/wp\/v2\/media\/1225"}],"wp:attachment":[{"href":"https:\/\/inclusionlab.unican.es\/en\/wp-json\/wp\/v2\/media?parent=1221"}],"curies":[{"name":"wp","href":"https:\/\/api.w.org\/{rel}","templated":true}]}}